{"id":770,"date":"2025-05-06T23:49:02","date_gmt":"2025-05-06T22:49:02","guid":{"rendered":"https:\/\/festivalbaroko.cz\/2025\/?page_id=770"},"modified":"2025-05-15T22:19:17","modified_gmt":"2025-05-15T21:19:17","slug":"vstupenky","status":"publish","type":"page","link":"https:\/\/festivalbaroko.cz\/2025\/vstupenky\/","title":{"rendered":"Vstupenky"},"content":{"rendered":"\n<h2 class=\"wp-block-heading\">Vstupn\u00e9 na hlavn\u00ed program festivalu<\/h2>\n\n\n\n<p>Z\u00e1kladn\u00ed vstupn\u00e9 na jednotliv\u00e1 p\u0159edstaven\u00ed<strong> 200 K\u010d<\/strong><br>Sn\u00ed\u017een\u00e9 vstupn\u00e9 pro \u010dleny VSMO <strong>100 K\u010d<\/strong><br>Abonm\u00e1 na cel\u00fd festival <strong>600 K\u010d<\/strong><br>Abonm\u00e1 <a href=\"https:\/\/otrs.festivalbaroko.cz?a=152\"><strong>je mo\u017en\u00e9 zakoupit online zde >><\/strong><\/a><br>Vstupenky na konkr\u00e9tn\u00ed p\u0159edstaven\u00ed jsou <strong><a href=\"https:\/\/festivalbaroko.cz\/2025\/\" data-type=\"page\" data-id=\"654\">dostupn\u00e9 z odkaz\u016f v programu<\/a><\/strong>.<\/p>\n\n\n\n<h3 class=\"wp-block-heading\">Vstupn\u00e9 na doprovodn\u00fd program<\/h3>\n\n\n\n<p>Z\u00e1kladn\u00ed vstupn\u00e9 na jednotliv\u00e9 akce <strong>50 K\u010d<\/strong><br>Vstup zdarma pro \u010dleny VSMO a dr\u017eitele festivalov\u00e9ho abonm\u00e1.<br>Vstupenky na konkr\u00e9tn\u00ed akce jsou <strong><a href=\"https:\/\/festivalbaroko.cz\/2025\/\" data-type=\"page\" data-id=\"654\">dostupn\u00e9 z odkaz\u016f v programu<\/a><\/strong>.<\/p>\n\n\n\n<hr class=\"wp-block-separator has-alpha-channel-opacity\"\/>\n\n\n\n<h2 class=\"wp-block-heading\">P\u0159edprodej a online prodej vstupenek<\/h2>\n\n\n\n<p><span><a style=\"font-weight: bold;\" href=\"http:\/\/otrs.festivalbaroko.cz\">Kompletn\u00ed p\u0159edprodej a online prodej vstupenek najdete zde<\/a><\/span> na str\u00e1nk\u00e1ch <a href=\"http:\/\/otrs.festivalbaroko.cz\"><strong>otrs.festivalbaroko.cz<\/strong><\/a>.<\/p>\n\n\n\n<p>P\u0159edprodej fyzick\u00fdch vstupenek bude zah\u00e1jen 19. kv\u011btna 2025. Vstupenky bude mo\u017eno zakoupit v\u017edy v pond\u011bl\u00ed od 14 do 16 hodin a ve st\u0159edu od 15 do 17 hodin v kancel\u00e1\u0159i VSMO, N\u00e1m. Republiky 5 v Olomouci. Vstupenky budou k prodeji tak\u00e9 v\u017edy p\u016fl hodiny p\u0159edem p\u0159ed zah\u00e1jen\u00edm ka\u017ed\u00e9ho p\u0159edstaven\u00ed \u010di akce doprovodn\u00e9ho programu na recepci Vlastiv\u011bdn\u00e9ho muzea v Olomouci.<\/p>\n","protected":false},"excerpt":{"rendered":"<p>Vstupn\u00e9 na hlavn\u00ed program festivalu Z\u00e1kladn\u00ed vstupn\u00e9 na jednotliv\u00e1 p\u0159edstaven\u00ed 200 K\u010dSn\u00ed\u017een\u00e9 vstupn\u00e9 pro \u010dleny VSMO 100 K\u010dAbonm\u00e1 na cel\u00fd festival 600 K\u010dAbonm\u00e1 je mo\u017en\u00e9&hellip;<\/p>\n","protected":false},"author":1,"featured_media":0,"parent":0,"menu_order":0,"comment_status":"closed","ping_status":"closed","template":"","meta":{"footnotes":""},"class_list":["post-770","page","type-page","status-publish","hentry"],"_links":{"self":[{"href":"https:\/\/festivalbaroko.cz\/2025\/wp-json\/wp\/v2\/pages\/770","targetHints":{"allow":["GET"]}}],"collection":[{"href":"https:\/\/festivalbaroko.cz\/2025\/wp-json\/wp\/v2\/pages"}],"about":[{"href":"https:\/\/festivalbaroko.cz\/2025\/wp-json\/wp\/v2\/types\/page"}],"author":[{"embeddable":true,"href":"https:\/\/festivalbaroko.cz\/2025\/wp-json\/wp\/v2\/users\/1"}],"replies":[{"embeddable":true,"href":"https:\/\/festivalbaroko.cz\/2025\/wp-json\/wp\/v2\/comments?post=770"}],"version-history":[{"count":4,"href":"https:\/\/festivalbaroko.cz\/2025\/wp-json\/wp\/v2\/pages\/770\/revisions"}],"predecessor-version":[{"id":821,"href":"https:\/\/festivalbaroko.cz\/2025\/wp-json\/wp\/v2\/pages\/770\/revisions\/821"}],"wp:attachment":[{"href":"https:\/\/festivalbaroko.cz\/2025\/wp-json\/wp\/v2\/media?parent=770"}],"curies":[{"name":"wp","href":"https:\/\/api.w.org\/{rel}","templated":true}]}}