{"id":842,"date":"2025-05-22T21:46:09","date_gmt":"2025-05-22T20:46:09","guid":{"rendered":"https:\/\/festivalbaroko.cz\/2025\/?page_id=842"},"modified":"2025-10-12T20:12:36","modified_gmt":"2025-10-12T19:12:36","slug":"ad-solemnitatem","status":"publish","type":"page","link":"https:\/\/festivalbaroko.cz\/2025\/ad-solemnitatem\/","title":{"rendered":"Ad solemnitatem"},"content":{"rendered":"\n<h3 class=\"wp-block-heading popis\"><em>Novodob\u00e9 sv\u011btov\u00e9 premi\u00e9ry duchovn\u00ed hudby \u010desk\u00fdch skladatel\u016f s barokn\u00edmi trubkami.<\/em><\/h3>\n\n\n\n<h4 class=\"wp-block-heading kdy\">ned\u011ble 1. 6. 2025 \/ 19:00 \/ Vlastiv\u011bdn\u00e9 muzeum v Olomouci, s\u00e1l V\u00e1clava III.<\/h4>\n\n\n\n<hr class=\"wp-block-separator has-alpha-channel-opacity\"\/>\n\n\n\n<h2 class=\"wp-block-heading\">Program<\/h2>\n\n\n\n<p>Anonym: Intrada<\/p>\n\n\n\n<p>Tom\u00e1\u0161 Norbert Koutn\u00edk (1698\u20131773): Te Deum ex D<\/p>\n\n\n\n<p>V\u00e1clav Kalous (1715\u20131784): Offertorium ex C \u201eDomus mea\u201c<\/p>\n\n\n\n<p>Anton Laube (1718\u20131784): Missa in D<\/p>\n\n\n\n<p>Daniel Alois Franti\u0161ek Mil\u010dinsk\u00fd (1732\u20131808): Litaniae lauretanae ex D<\/p>\n\n\n\n<p>Martin Leonard Broul\u00edk (1751\u20131817): Salve Regina ex D<\/p>\n\n\n\n<hr class=\"wp-block-separator has-alpha-channel-opacity\"\/>\n\n\n\n<h2 class=\"wp-block-heading\">\u00da\u010dinkuj\u00ed<\/h2>\n\n\n\n<p><strong>Czech Ensemble Baroque Orchestra:<br><\/strong>1.housle \u2013 koncertn\u00ed mistr: Michal Klas<br>2. housle: Eva Kalov\u00e1<br>viola: Veronika Sva\u010dinov\u00e1<br>kontrabas: Maty\u00e1\u0161 Berdych<br>klarina: Karel Ber\u00e1nek, Petr Jur\u00e1\u0161ek<br>varhann\u00ed pozitiv: V\u00edt B\u00e9bar<br>tymp\u00e1ny: Ale\u0161 Slam\u011bn\u00edk<br><br><strong>Silentium! Ensemble:<\/strong><br>sopr\u00e1n: Zuzana Bad\u00e1rov\u00e1, Tereza V\u00e1lkov\u00e1 \u2013 sbormistr<br>alt: Lucie Ko\u0159\u00ednkov\u00e1, Martin Pt\u00e1\u010dek<br>tenor: Vladim\u00edr John, Franti\u0161ek Sli\u017e<br>bas: David Harant, Jan Kukal<\/p>\n\n\n\n<p>Diriguje Roman V\u00e1lek.<\/p>\n\n\n\n<hr class=\"wp-block-separator has-alpha-channel-opacity\"\/>\n\n\n\n<p>Zahajovac\u00ed program festivalu p\u0159edstavuje v&nbsp;novodob\u00fdch premi\u00e9r\u00e1ch reprezentativn\u00ed pr\u016f\u0159ez duchovn\u00ed hudbou, kter\u00e1 zn\u011bla v&nbsp;18. stolet\u00ed v \u010desk\u00fdch zem\u00edch p\u0159i slavnostn\u00edch liturgick\u00fdch p\u0159\u00edle\u017eitostech. Osudy t\u0159\u00ed kantor\u016f p\u016fsob\u00edc\u00edch v&nbsp;mal\u00fdch m\u011bstech jsou si velice podobn\u00e9 \u2013 narodili se a zem\u0159eli na stejn\u00e9m m\u00edst\u011b, kde cel\u00fd \u017eivot zasv\u011btili u\u010ditelsk\u00e9 profesi a chr\u00e1mov\u00e9 hudb\u011b: Koutn\u00edk v&nbsp;Chocni, Mil\u010dinsk\u00fd v&nbsp;Ro\u017e\u010falovic\u00edch a Broul\u00edk v&nbsp;\u010cesk\u00e9 T\u0159ebov\u00e9. Koutn\u00edkovo a Mil\u010dinsk\u00e9ho d\u00edlo se dostalo z&nbsp;k\u016fr\u016f m\u00edstn\u00edch kostel\u016f do N\u00e1rodn\u00edho muzea prost\u0159ednictv\u00edm&nbsp;Horn\u00edkovy sb\u00edrky, Broul\u00edkova skladba poch\u00e1z\u00ed p\u0159\u00edmo z&nbsp;Muzea v&nbsp;\u010cesk\u00e9 T\u0159ebov\u00e9. V\u00e1clav Kalous byl p\u0159\u00edslu\u0161n\u00edkem piaristick\u00e9ho \u0159\u00e1du a tak\u00e9 jeho \u017eivot byl zasv\u011bcen p\u0159edev\u0161\u00edm u\u010ditelsk\u00e9 profesi. Narodil se v&nbsp;Solnici a tak\u00e9 on se na konci \u017eivota vr\u00e1til do rodn\u00e9ho kraje, kde do\u017eil v&nbsp;nedalek\u00e9 \u0159\u00e1dov\u00e9 koleji v&nbsp;Rychnov\u011b nad Kn\u011b\u017enou. Jeho \u017e\u00e1kem byl \u00fadajn\u011b nejzn\u00e1m\u011bj\u0161\u00ed \u010desk\u00fd skladatel 18. stolet\u00ed \u2013 Franti\u0161ek Xaver Brixi, ale i piarista Anton\u00edn Brossmann. Anton\u00edn Laube se narodil v&nbsp;Mostu, ale uplatn\u011bn\u00ed na\u0161el v&nbsp;Praze, kde jako regenschori zakon\u010dil svou kari\u00e9ru v&nbsp;katedr\u00e1le sv. V\u00edta. Mimo chr\u00e1movou hudbu se v\u011bnoval i sv\u011btsk\u00fdm kompozic\u00edm. V&nbsp;ned\u00e1vn\u00e9 dob\u011b bylo objeveno n\u011bkolik n\u011bmeck\u00fdch oper a k&nbsp;novodob\u00e9mu proveden\u00ed je p\u0159ipraveno i mimo\u0159\u00e1dn\u011b kvalitn\u00ed oratorium.<\/p>\n\n\n\n<hr class=\"wp-block-separator has-alpha-channel-opacity\"\/>\n\n\n\n<h3 class=\"wp-block-heading\"><strong>Offertorium ex C <\/strong>\u2013 \u010desk\u00fd p\u0159eklad<\/h3>\n\n\n\n<p>M\u016fj d\u016fm je domem modlitby, ka\u017ed\u00e9mu, kdo pros\u00ed, bude otev\u0159en. Budu se klan\u011bt v tv\u00e9m svat\u00e9m chr\u00e1mu. A p\u0159izn\u00e1m se k tv\u00e9mu \u200b\u200bjm\u00e9nu. B\u016fh Izraele zachov\u00e1 tuto v\u016fli. &nbsp;Alleluja. <strong><\/strong><\/p>\n\n\n\n<hr class=\"wp-block-separator has-alpha-channel-opacity\"\/>\n\n\n\n<h3 class=\"wp-block-heading\">Fotografie z p\u0159edstaven\u00ed<\/h3>\n\n\n\n<p>Foto Ivo Zatloukal<\/p>\n\n\n\n<figure class=\"wp-block-gallery has-nested-images columns-5 is-cropped wp-block-gallery-1 is-layout-flex wp-block-gallery-is-layout-flex\">\n<figure class=\"wp-block-image size-large\"><img loading=\"lazy\" decoding=\"async\" width=\"1024\" height=\"576\" data-id=\"1011\" src=\"http:\/\/festivalbaroko.cz\/2025\/wp-content\/uploads\/2025\/06\/FOTO-13-1024x576.jpg\" alt=\"\" class=\"wp-image-1011\" srcset=\"https:\/\/festivalbaroko.cz\/2025\/wp-content\/uploads\/2025\/06\/FOTO-13-1024x576.jpg 1024w, https:\/\/festivalbaroko.cz\/2025\/wp-content\/uploads\/2025\/06\/FOTO-13-300x169.jpg 300w, https:\/\/festivalbaroko.cz\/2025\/wp-content\/uploads\/2025\/06\/FOTO-13-768x432.jpg 768w, https:\/\/festivalbaroko.cz\/2025\/wp-content\/uploads\/2025\/06\/FOTO-13-1536x864.jpg 1536w, https:\/\/festivalbaroko.cz\/2025\/wp-content\/uploads\/2025\/06\/FOTO-13.jpg 1920w\" sizes=\"auto, (max-width: 1024px) 100vw, 1024px\" \/><\/figure>\n\n\n\n<figure class=\"wp-block-image size-large\"><img loading=\"lazy\" decoding=\"async\" width=\"1024\" height=\"576\" data-id=\"1014\" src=\"http:\/\/festivalbaroko.cz\/2025\/wp-content\/uploads\/2025\/06\/FOTO-12-1024x576.jpg\" alt=\"\" class=\"wp-image-1014\" srcset=\"https:\/\/festivalbaroko.cz\/2025\/wp-content\/uploads\/2025\/06\/FOTO-12-1024x576.jpg 1024w, https:\/\/festivalbaroko.cz\/2025\/wp-content\/uploads\/2025\/06\/FOTO-12-300x169.jpg 300w, https:\/\/festivalbaroko.cz\/2025\/wp-content\/uploads\/2025\/06\/FOTO-12-768x432.jpg 768w, https:\/\/festivalbaroko.cz\/2025\/wp-content\/uploads\/2025\/06\/FOTO-12-1536x864.jpg 1536w, https:\/\/festivalbaroko.cz\/2025\/wp-content\/uploads\/2025\/06\/FOTO-12.jpg 1920w\" sizes=\"auto, (max-width: 1024px) 100vw, 1024px\" \/><\/figure>\n\n\n\n<figure class=\"wp-block-image size-large\"><img loading=\"lazy\" decoding=\"async\" width=\"1024\" height=\"576\" data-id=\"1005\" src=\"http:\/\/festivalbaroko.cz\/2025\/wp-content\/uploads\/2025\/06\/FOTO-11-1024x576.jpg\" alt=\"\" class=\"wp-image-1005\" srcset=\"https:\/\/festivalbaroko.cz\/2025\/wp-content\/uploads\/2025\/06\/FOTO-11-1024x576.jpg 1024w, https:\/\/festivalbaroko.cz\/2025\/wp-content\/uploads\/2025\/06\/FOTO-11-300x169.jpg 300w, https:\/\/festivalbaroko.cz\/2025\/wp-content\/uploads\/2025\/06\/FOTO-11-768x432.jpg 768w, https:\/\/festivalbaroko.cz\/2025\/wp-content\/uploads\/2025\/06\/FOTO-11-1536x864.jpg 1536w, https:\/\/festivalbaroko.cz\/2025\/wp-content\/uploads\/2025\/06\/FOTO-11.jpg 1920w\" sizes=\"auto, (max-width: 1024px) 100vw, 1024px\" \/><\/figure>\n\n\n\n<figure class=\"wp-block-image size-large\"><img loading=\"lazy\" decoding=\"async\" width=\"1024\" height=\"576\" data-id=\"1009\" src=\"http:\/\/festivalbaroko.cz\/2025\/wp-content\/uploads\/2025\/06\/FOTO-10-1024x576.jpg\" alt=\"\" class=\"wp-image-1009\" srcset=\"https:\/\/festivalbaroko.cz\/2025\/wp-content\/uploads\/2025\/06\/FOTO-10-1024x576.jpg 1024w, https:\/\/festivalbaroko.cz\/2025\/wp-content\/uploads\/2025\/06\/FOTO-10-300x169.jpg 300w, https:\/\/festivalbaroko.cz\/2025\/wp-content\/uploads\/2025\/06\/FOTO-10-768x432.jpg 768w, https:\/\/festivalbaroko.cz\/2025\/wp-content\/uploads\/2025\/06\/FOTO-10-1536x864.jpg 1536w, https:\/\/festivalbaroko.cz\/2025\/wp-content\/uploads\/2025\/06\/FOTO-10.jpg 1920w\" sizes=\"auto, (max-width: 1024px) 100vw, 1024px\" \/><\/figure>\n\n\n\n<figure class=\"wp-block-image size-large\"><img loading=\"lazy\" decoding=\"async\" width=\"1024\" height=\"576\" data-id=\"1006\" src=\"http:\/\/festivalbaroko.cz\/2025\/wp-content\/uploads\/2025\/06\/FOTO-9-1024x576.jpg\" alt=\"\" class=\"wp-image-1006\" srcset=\"https:\/\/festivalbaroko.cz\/2025\/wp-content\/uploads\/2025\/06\/FOTO-9-1024x576.jpg 1024w, https:\/\/festivalbaroko.cz\/2025\/wp-content\/uploads\/2025\/06\/FOTO-9-300x169.jpg 300w, https:\/\/festivalbaroko.cz\/2025\/wp-content\/uploads\/2025\/06\/FOTO-9-768x432.jpg 768w, https:\/\/festivalbaroko.cz\/2025\/wp-content\/uploads\/2025\/06\/FOTO-9-1536x864.jpg 1536w, https:\/\/festivalbaroko.cz\/2025\/wp-content\/uploads\/2025\/06\/FOTO-9.jpg 1920w\" sizes=\"auto, (max-width: 1024px) 100vw, 1024px\" \/><\/figure>\n\n\n\n<figure class=\"wp-block-image size-large\"><img loading=\"lazy\" decoding=\"async\" width=\"1024\" height=\"576\" data-id=\"1015\" src=\"http:\/\/festivalbaroko.cz\/2025\/wp-content\/uploads\/2025\/06\/FOTO-8-1024x576.jpg\" alt=\"\" class=\"wp-image-1015\" srcset=\"https:\/\/festivalbaroko.cz\/2025\/wp-content\/uploads\/2025\/06\/FOTO-8-1024x576.jpg 1024w, https:\/\/festivalbaroko.cz\/2025\/wp-content\/uploads\/2025\/06\/FOTO-8-300x169.jpg 300w, https:\/\/festivalbaroko.cz\/2025\/wp-content\/uploads\/2025\/06\/FOTO-8-768x432.jpg 768w, https:\/\/festivalbaroko.cz\/2025\/wp-content\/uploads\/2025\/06\/FOTO-8-1536x864.jpg 1536w, https:\/\/festivalbaroko.cz\/2025\/wp-content\/uploads\/2025\/06\/FOTO-8.jpg 1920w\" sizes=\"auto, (max-width: 1024px) 100vw, 1024px\" \/><\/figure>\n\n\n\n<figure class=\"wp-block-image size-large\"><img loading=\"lazy\" decoding=\"async\" width=\"1024\" height=\"576\" data-id=\"1016\" src=\"http:\/\/festivalbaroko.cz\/2025\/wp-content\/uploads\/2025\/06\/FOTO-7-1024x576.jpg\" alt=\"\" class=\"wp-image-1016\" srcset=\"https:\/\/festivalbaroko.cz\/2025\/wp-content\/uploads\/2025\/06\/FOTO-7-1024x576.jpg 1024w, https:\/\/festivalbaroko.cz\/2025\/wp-content\/uploads\/2025\/06\/FOTO-7-300x169.jpg 300w, https:\/\/festivalbaroko.cz\/2025\/wp-content\/uploads\/2025\/06\/FOTO-7-768x432.jpg 768w, https:\/\/festivalbaroko.cz\/2025\/wp-content\/uploads\/2025\/06\/FOTO-7-1536x864.jpg 1536w, https:\/\/festivalbaroko.cz\/2025\/wp-content\/uploads\/2025\/06\/FOTO-7.jpg 1920w\" sizes=\"auto, (max-width: 1024px) 100vw, 1024px\" \/><\/figure>\n\n\n\n<figure class=\"wp-block-image size-large\"><img loading=\"lazy\" decoding=\"async\" width=\"1024\" height=\"576\" data-id=\"1012\" src=\"http:\/\/festivalbaroko.cz\/2025\/wp-content\/uploads\/2025\/06\/FOTO-6-1024x576.jpg\" alt=\"\" class=\"wp-image-1012\" srcset=\"https:\/\/festivalbaroko.cz\/2025\/wp-content\/uploads\/2025\/06\/FOTO-6-1024x576.jpg 1024w, https:\/\/festivalbaroko.cz\/2025\/wp-content\/uploads\/2025\/06\/FOTO-6-300x169.jpg 300w, https:\/\/festivalbaroko.cz\/2025\/wp-content\/uploads\/2025\/06\/FOTO-6-768x432.jpg 768w, https:\/\/festivalbaroko.cz\/2025\/wp-content\/uploads\/2025\/06\/FOTO-6-1536x864.jpg 1536w, https:\/\/festivalbaroko.cz\/2025\/wp-content\/uploads\/2025\/06\/FOTO-6.jpg 1920w\" sizes=\"auto, (max-width: 1024px) 100vw, 1024px\" \/><\/figure>\n\n\n\n<figure class=\"wp-block-image size-large\"><img loading=\"lazy\" decoding=\"async\" width=\"1024\" height=\"576\" data-id=\"1007\" src=\"http:\/\/festivalbaroko.cz\/2025\/wp-content\/uploads\/2025\/06\/FOTO-5-1024x576.jpg\" alt=\"\" class=\"wp-image-1007\" srcset=\"https:\/\/festivalbaroko.cz\/2025\/wp-content\/uploads\/2025\/06\/FOTO-5-1024x576.jpg 1024w, https:\/\/festivalbaroko.cz\/2025\/wp-content\/uploads\/2025\/06\/FOTO-5-300x169.jpg 300w, https:\/\/festivalbaroko.cz\/2025\/wp-content\/uploads\/2025\/06\/FOTO-5-768x432.jpg 768w, https:\/\/festivalbaroko.cz\/2025\/wp-content\/uploads\/2025\/06\/FOTO-5-1536x864.jpg 1536w, https:\/\/festivalbaroko.cz\/2025\/wp-content\/uploads\/2025\/06\/FOTO-5.jpg 1920w\" sizes=\"auto, (max-width: 1024px) 100vw, 1024px\" \/><\/figure>\n\n\n\n<figure class=\"wp-block-image size-large\"><img loading=\"lazy\" decoding=\"async\" width=\"1024\" height=\"576\" data-id=\"1013\" src=\"http:\/\/festivalbaroko.cz\/2025\/wp-content\/uploads\/2025\/06\/FOTO-4-1024x576.jpg\" alt=\"\" class=\"wp-image-1013\" srcset=\"https:\/\/festivalbaroko.cz\/2025\/wp-content\/uploads\/2025\/06\/FOTO-4-1024x576.jpg 1024w, https:\/\/festivalbaroko.cz\/2025\/wp-content\/uploads\/2025\/06\/FOTO-4-300x169.jpg 300w, https:\/\/festivalbaroko.cz\/2025\/wp-content\/uploads\/2025\/06\/FOTO-4-768x432.jpg 768w, https:\/\/festivalbaroko.cz\/2025\/wp-content\/uploads\/2025\/06\/FOTO-4-1536x864.jpg 1536w, https:\/\/festivalbaroko.cz\/2025\/wp-content\/uploads\/2025\/06\/FOTO-4.jpg 1920w\" sizes=\"auto, (max-width: 1024px) 100vw, 1024px\" \/><\/figure>\n\n\n\n<figure class=\"wp-block-image size-large\"><img loading=\"lazy\" decoding=\"async\" width=\"1024\" height=\"576\" data-id=\"1008\" src=\"http:\/\/festivalbaroko.cz\/2025\/wp-content\/uploads\/2025\/06\/FOTO-3-1024x576.jpg\" alt=\"\" class=\"wp-image-1008\" srcset=\"https:\/\/festivalbaroko.cz\/2025\/wp-content\/uploads\/2025\/06\/FOTO-3-1024x576.jpg 1024w, https:\/\/festivalbaroko.cz\/2025\/wp-content\/uploads\/2025\/06\/FOTO-3-300x169.jpg 300w, https:\/\/festivalbaroko.cz\/2025\/wp-content\/uploads\/2025\/06\/FOTO-3-768x432.jpg 768w, https:\/\/festivalbaroko.cz\/2025\/wp-content\/uploads\/2025\/06\/FOTO-3-1536x864.jpg 1536w, https:\/\/festivalbaroko.cz\/2025\/wp-content\/uploads\/2025\/06\/FOTO-3.jpg 1920w\" sizes=\"auto, (max-width: 1024px) 100vw, 1024px\" \/><\/figure>\n\n\n\n<figure class=\"wp-block-image size-large\"><img loading=\"lazy\" decoding=\"async\" width=\"1024\" height=\"576\" data-id=\"1017\" src=\"http:\/\/festivalbaroko.cz\/2025\/wp-content\/uploads\/2025\/06\/FOTO-2-1024x576.jpg\" alt=\"\" class=\"wp-image-1017\" srcset=\"https:\/\/festivalbaroko.cz\/2025\/wp-content\/uploads\/2025\/06\/FOTO-2-1024x576.jpg 1024w, https:\/\/festivalbaroko.cz\/2025\/wp-content\/uploads\/2025\/06\/FOTO-2-300x169.jpg 300w, https:\/\/festivalbaroko.cz\/2025\/wp-content\/uploads\/2025\/06\/FOTO-2-768x432.jpg 768w, https:\/\/festivalbaroko.cz\/2025\/wp-content\/uploads\/2025\/06\/FOTO-2-1536x864.jpg 1536w, https:\/\/festivalbaroko.cz\/2025\/wp-content\/uploads\/2025\/06\/FOTO-2.jpg 1920w\" sizes=\"auto, (max-width: 1024px) 100vw, 1024px\" \/><\/figure>\n\n\n\n<figure class=\"wp-block-image size-large\"><img loading=\"lazy\" decoding=\"async\" width=\"1024\" height=\"576\" data-id=\"1010\" src=\"http:\/\/festivalbaroko.cz\/2025\/wp-content\/uploads\/2025\/06\/FOTO-1-1024x576.jpg\" alt=\"\" class=\"wp-image-1010\" srcset=\"https:\/\/festivalbaroko.cz\/2025\/wp-content\/uploads\/2025\/06\/FOTO-1-1024x576.jpg 1024w, https:\/\/festivalbaroko.cz\/2025\/wp-content\/uploads\/2025\/06\/FOTO-1-300x169.jpg 300w, https:\/\/festivalbaroko.cz\/2025\/wp-content\/uploads\/2025\/06\/FOTO-1-768x432.jpg 768w, https:\/\/festivalbaroko.cz\/2025\/wp-content\/uploads\/2025\/06\/FOTO-1-1536x864.jpg 1536w, https:\/\/festivalbaroko.cz\/2025\/wp-content\/uploads\/2025\/06\/FOTO-1.jpg 1920w\" sizes=\"auto, (max-width: 1024px) 100vw, 1024px\" \/><\/figure>\n<\/figure>\n\n\n\n<hr class=\"wp-block-separator has-alpha-channel-opacity is-style-wide\"\/>\n\n\n\n<h2 class=\"wp-block-heading\">Z\u00e1znam p\u0159edstaven\u00ed<\/h2>\n\n\n\n<figure class=\"wp-block-embed is-type-video is-provider-youtube wp-block-embed-youtube wp-embed-aspect-16-9 wp-has-aspect-ratio\"><div class=\"wp-block-embed__wrapper\">\n<iframe loading=\"lazy\" title=\"Ad solemnitatem\" width=\"843\" height=\"474\" src=\"https:\/\/www.youtube.com\/embed\/slGe3S1h1NM?feature=oembed\" frameborder=\"0\" allow=\"accelerometer; autoplay; clipboard-write; encrypted-media; gyroscope; picture-in-picture; web-share\" referrerpolicy=\"strict-origin-when-cross-origin\" allowfullscreen><\/iframe>\n<\/div><\/figure>\n\n\n\n<hr class=\"wp-block-separator has-alpha-channel-opacity is-style-wide\"\/>\n\n\n\n<h2 class=\"wp-block-heading\">Recenze<\/h2>\n\n\n\n<p><a href=\"https:\/\/operaplus.cz\/barokni-klenoty-znovu-zazarily-novodobe-premiery-ceskych-mistru-ozivily-olomouc\/\"><strong>Barokn\u00ed klenoty znovu zaz\u00e1\u0159ily: Novodob\u00e9 premi\u00e9ry \u010desk\u00fdch mistr\u016f o\u017eivily Olomouc<\/strong>\u00a0(operaplus.cz)<\/a><\/p>\n\n\n\n<p><\/p>\n","protected":false},"excerpt":{"rendered":"<p>Novodob\u00e9 sv\u011btov\u00e9 premi\u00e9ry duchovn\u00ed hudby \u010desk\u00fdch skladatel\u016f s barokn\u00edmi trubkami. ned\u011ble 1. 6. 2025 \/ 19:00 \/ Vlastiv\u011bdn\u00e9 muzeum v Olomouci, s\u00e1l V\u00e1clava III. Program&hellip;<\/p>\n","protected":false},"author":1,"featured_media":0,"parent":0,"menu_order":0,"comment_status":"closed","ping_status":"closed","template":"","meta":{"footnotes":""},"class_list":["post-842","page","type-page","status-publish","hentry"],"_links":{"self":[{"href":"https:\/\/festivalbaroko.cz\/2025\/wp-json\/wp\/v2\/pages\/842","targetHints":{"allow":["GET"]}}],"collection":[{"href":"https:\/\/festivalbaroko.cz\/2025\/wp-json\/wp\/v2\/pages"}],"about":[{"href":"https:\/\/festivalbaroko.cz\/2025\/wp-json\/wp\/v2\/types\/page"}],"author":[{"embeddable":true,"href":"https:\/\/festivalbaroko.cz\/2025\/wp-json\/wp\/v2\/users\/1"}],"replies":[{"embeddable":true,"href":"https:\/\/festivalbaroko.cz\/2025\/wp-json\/wp\/v2\/comments?post=842"}],"version-history":[{"count":24,"href":"https:\/\/festivalbaroko.cz\/2025\/wp-json\/wp\/v2\/pages\/842\/revisions"}],"predecessor-version":[{"id":1170,"href":"https:\/\/festivalbaroko.cz\/2025\/wp-json\/wp\/v2\/pages\/842\/revisions\/1170"}],"wp:attachment":[{"href":"https:\/\/festivalbaroko.cz\/2025\/wp-json\/wp\/v2\/media?parent=842"}],"curies":[{"name":"wp","href":"https:\/\/api.w.org\/{rel}","templated":true}]}}