{"id":55,"date":"2024-03-03T23:26:21","date_gmt":"2024-03-03T23:26:21","guid":{"rendered":"https:\/\/festivalbaroko.cz\/2026\/?page_id=55"},"modified":"2026-02-14T16:39:25","modified_gmt":"2026-02-14T15:39:25","slug":"historie-festivalu","status":"publish","type":"page","link":"https:\/\/festivalbaroko.cz\/2026\/historie-festivalu\/","title":{"rendered":"Historie festivalu"},"content":{"rendered":"\n<p>Festival je od po\u010d\u00e1tku (1998) ka\u017edoro\u010dn\u011b zam\u011b\u0159en na interpretaci hudby 17. a\u00a018. stolet\u00ed s\u00a0pou\u017eit\u00edm dobov\u00fdch n\u00e1stroj\u016f. Dramaturgie klade d\u016fraz na uv\u00e1d\u011bn\u00ed novodob\u00fdch premi\u00e9r barokn\u00edch skladeb vznikl\u00fdch p\u0159\u00edmo v\u00a0Olomouci a\u00a0nebo v\u00a0jej\u00ed bezprost\u0159edn\u00ed bl\u00edzkosti. Tyto skladby realizovaly v\u00a0minulosti nejv\u00fdznamn\u011bj\u0161\u00ed t\u011blesa specializuj\u00edc\u00ed se na autentickou interpretaci barokn\u00ed hudby (Musica Antiqua Praha, Musica Florea, Capella Regia, Ars Brunensis, Musica Aeterna, Collegium Marianum, Societas Incognitorum, Affetto, Sol amente Naturale, Capella Academica, Hofmusici, Musica Figuralis, Ensemble Damian). \u0158ada skladeb premi\u00e9rovan\u00fdch na festivalu Baroko byla n\u00e1sledn\u011b vyd\u00e1na tiskem nebo na CD, v posledn\u00edch letech se kompletn\u00ed videoz\u00e1znamy p\u0159edstaven\u00ed objevuj\u00ed tak\u00e9 online.<\/p>\n\n\n\n<p><a href=\"https:\/\/festivalbaroko.cz\/2025\/\">Webov\u00e9 str\u00e1nky BAROKO 2025<\/a><\/p>\n\n\n\n<p><a href=\"https:\/\/festivalbaroko.cz\/2024\/\">Webov\u00e9 str\u00e1nky BAROKO 2024<\/a><\/p>\n\n\n\n<p><a href=\"https:\/\/festivalbaroko.cz\/baroko2023\/index.html\">Webov\u00e9 str\u00e1nky BAROKO 2023<\/a><\/p>\n\n\n\n<p><a href=\"https:\/\/festivalbaroko.cz\/baroko2022\/index.html\">Webov\u00e9 str\u00e1nky BAROKO 2022<\/a><\/p>\n\n\n\n<p><a href=\"https:\/\/ensembledamian.cz\/festivaly\/festival-baroko\/\">Plak\u00e1ty s programy p\u0159edchoz\u00edch ro\u010dn\u00edk\u016f na webu Ensemble Damian<\/a><\/p>\n\n\n\n<p><\/p>\n\n\n\n<p><\/p>\n","protected":false},"excerpt":{"rendered":"<p>Festival je od po\u010d\u00e1tku (1998) ka\u017edoro\u010dn\u011b zam\u011b\u0159en na interpretaci hudby 17. a\u00a018. stolet\u00ed s\u00a0pou\u017eit\u00edm dobov\u00fdch n\u00e1stroj\u016f. Dramaturgie klade d\u016fraz na uv\u00e1d\u011bn\u00ed novodob\u00fdch premi\u00e9r barokn\u00edch skladeb&hellip;<\/p>\n","protected":false},"author":1,"featured_media":0,"parent":0,"menu_order":0,"comment_status":"closed","ping_status":"closed","template":"","meta":{"footnotes":""},"class_list":["post-55","page","type-page","status-publish","hentry"],"_links":{"self":[{"href":"https:\/\/festivalbaroko.cz\/2026\/wp-json\/wp\/v2\/pages\/55","targetHints":{"allow":["GET"]}}],"collection":[{"href":"https:\/\/festivalbaroko.cz\/2026\/wp-json\/wp\/v2\/pages"}],"about":[{"href":"https:\/\/festivalbaroko.cz\/2026\/wp-json\/wp\/v2\/types\/page"}],"author":[{"embeddable":true,"href":"https:\/\/festivalbaroko.cz\/2026\/wp-json\/wp\/v2\/users\/1"}],"replies":[{"embeddable":true,"href":"https:\/\/festivalbaroko.cz\/2026\/wp-json\/wp\/v2\/comments?post=55"}],"version-history":[{"count":4,"href":"https:\/\/festivalbaroko.cz\/2026\/wp-json\/wp\/v2\/pages\/55\/revisions"}],"predecessor-version":[{"id":1243,"href":"https:\/\/festivalbaroko.cz\/2026\/wp-json\/wp\/v2\/pages\/55\/revisions\/1243"}],"wp:attachment":[{"href":"https:\/\/festivalbaroko.cz\/2026\/wp-json\/wp\/v2\/media?parent=55"}],"curies":[{"name":"wp","href":"https:\/\/api.w.org\/{rel}","templated":true}]}}