{"id":654,"date":"2025-03-14T21:57:22","date_gmt":"2025-03-14T21:57:22","guid":{"rendered":"https:\/\/festivalbaroko.cz\/2026\/?page_id=654"},"modified":"2026-05-07T00:59:51","modified_gmt":"2026-05-06T23:59:51","slug":"baroko2025-program","status":"publish","type":"page","link":"https:\/\/festivalbaroko.cz\/2026\/","title":{"rendered":"Baroko 2026"},"content":{"rendered":"\n<h2 class=\"wp-block-heading uvod\"><em>29. ro\u010dn\u00edk olomouck\u00e9ho hudebn\u00edho festivalu<\/em><\/h2>\n\n\n\n<h2 class=\"wp-block-heading uvod\">1. \u010dervna \u2013 17. \u010dervna 2026<\/h2>\n\n\n\n<hr class=\"wp-block-separator has-alpha-channel-opacity is-style-wide\"\/>\n\n\n\n<h2 class=\"wp-block-heading\">Hlavn\u00ed program<\/h2>\n\n\n\n<p>Za\u010d\u00e1tky p\u0159edstaven\u00ed v\u017edy od 19 hodin.<\/p>\n\n\n\n<h4 class=\"wp-block-heading program\">pond\u011bl\u00ed 1. 6. 2026 \/ 19:00 \/ Kostel Panny Marie Sn\u011b\u017en\u00e9 v Olomouci<\/h4>\n\n\n\n<h3 class=\"wp-block-heading program\"><strong>Duchovn\u00ed hudba benediktinsk\u00fdch skladatel\u016f <\/strong><em>\u2013<\/em> <em>novodob\u00e9 sv\u011btov\u00e9 premi\u00e9ry<\/em><\/h3>\n\n\n\n<p class=\"program\"><em><strong>Mauritius Vogt<\/strong> <strong>(1669\u20131730): <\/strong>Litaniae Lauretanae in G, Perfida mundi pax<br><strong>Gunther Jacob (1685\u20131734):<\/strong> Te Deum, Dixit Dominus<\/em><\/p>\n\n\n\n<p class=\"program\"><strong>\u00da\u010dinkuj\u00ed: Silentium! Ensemble \u2013 Tereza V\u00e1lkov\u00e1, Societas literatorum \u2013 Maty\u00e1\u0161 Berdych<\/strong><br><a href=\"https:\/\/otrs.festivalbaroko.cz?a=155\">Vstupenky &gt;&gt;<\/a><\/p>\n\n\n\n<h4 class=\"wp-block-heading program\">st\u0159eda 3. 6. 2026 \/ 19:00 \/ Vlastiv\u011bdn\u00e9 muzeum v&nbsp;Olomouci, S\u00e1l V\u00e1clava III.<\/h4>\n\n\n\n<h3 class=\"wp-block-heading program\"><strong>Josef Anton\u00edn \u0160t\u011bp\u00e1n (1726<\/strong><strong>\u2013<\/strong><strong>1797): Klav\u00edrn\u00ed koncerty z Krom\u011b\u0159\u00ed\u017ee<\/strong><strong><\/strong><\/h3>\n\n\n\n<p class=\"program\">K&nbsp;300. v\u00fdro\u010d\u00ed narozen\u00ed v\u00fdznamn\u00e9ho \u010desk\u00e9ho skladatele.<\/p>\n\n\n\n<p class=\"program\"><strong>\u00da\u010dinkuj\u00ed: Petra Mat\u011bjov\u00e1 \u2013 klad\u00edvkov\u00fd klav\u00edr, Trio Unitas a host\u00e9<\/strong><br><a href=\"https:\/\/otrs.festivalbaroko.cz?a=156\">Vstupenky &gt;&gt;<\/a><\/p>\n\n\n\n<h4 class=\"wp-block-heading program\">\u010dtvrtek 4. 6. 2026 \/ 19:00 \/ Vlastiv\u011bdn\u00e9 muzeum v&nbsp;Olomouci, S\u00e1l V\u00e1clava III.<\/h4>\n\n\n\n<h3 class=\"wp-block-heading program\"><strong>Anton\u00edn Rejcha (1770\u20131836): Pojedn\u00e1n\u00ed o kontrapunktu I.<\/strong><\/h3>\n\n\n\n<p class=\"program\"><em>V\u00fdb\u011br komorn\u00edch p\u0159\u00edkladov\u00fdch kompozic z&nbsp;u\u010debnice kontrapunktu, vydan\u00e9 v&nbsp;Pa\u0159\u00ed\u017ei v&nbsp;roce 1824.<\/em><\/p>\n\n\n\n<p class=\"program\"><strong>\u00da\u010dinkuj\u00ed: Musica Florea a Marek \u0160tryncl<\/strong><br><a href=\"https:\/\/otrs.festivalbaroko.cz?a=157\">Vstupenky &gt;&gt;<\/a><\/p>\n\n\n\n<h4 class=\"wp-block-heading program\">p\u00e1tek 5. 6. 2026 \/ 19:00 \/ Vlastiv\u011bdn\u00e9 muzeum v&nbsp;Olomouci, S\u00e1l V\u00e1clava III.<\/h4>\n\n\n\n<h3 class=\"wp-block-heading program\"><strong>Franti\u0161ek \u0160kroup (1801<\/strong><strong>\u2013<\/strong><strong>1862): P\u00edsn\u011b und Lieder<\/strong><strong><\/strong><\/h3>\n\n\n\n<p class=\"program\"><em>V\u00fdb\u011br \u010desk\u00fdch a n\u011bmeck\u00fdch p\u00edsn\u00ed obrozeneck\u00e9ho skladatele.<\/em><\/p>\n\n\n\n<p class=\"program\"><strong>\u00da\u010dinkuj\u00ed: Ond\u0159ej Benek \u2013 tenor, Petra Mat\u011bjov\u00e1 \u2013 klad\u00edvkov\u00fd klav\u00edr, Ji\u0159\u00ed Hammer \u2013 lesn\u00ed roh, Maty\u00e1\u0161 Berdych \u2013 kontrabas<\/strong><br><a href=\"https:\/\/otrs.festivalbaroko.cz?a=158\">Vstupenky &gt;&gt;<\/a><\/p>\n\n\n\n<h4 class=\"wp-block-heading program\">sobota 6. 6. 2026 \/ 19:00 \/ Vlastiv\u011bdn\u00e9 muzeum v&nbsp;Olomouci, S\u00e1l V\u00e1clava III.<\/h4>\n\n\n\n<h3 class=\"wp-block-heading program\"><strong>Triov\u00e9 son\u00e1ty \u010desk\u00fdch skladatel\u016f<\/strong><\/h3>\n\n\n\n<p class=\"program\"><em>Program: \u00a0Franti\u0161ek Xaver Richter, Johann Georg Orschler, Tom\u00e1\u0161 Hanzl\u00edk, Franti\u0161ek Ign\u00e1c Anton\u00edn T\u016fma,\u00a0Wenceslas Schobert<\/em><\/p>\n\n\n\n<p class=\"program\"><strong>\u00da\u010dinkuj\u00ed: Daniel Podrou\u017eek, Martin Dost\u00e1l \u2013 housle, Mariana T\u016fmov\u00e1 \u2013 violoncello, Daria Savvateeva \u2013 cembalo<\/strong><br><a href=\"https:\/\/otrs.festivalbaroko.cz?a=159\">Vstupenky &gt;&gt;<\/a><\/p>\n\n\n\n<h4 class=\"wp-block-heading program\">ned\u011ble 7. 6. 2026 \/ 19:00 \/ Vlastiv\u011bdn\u00e9 muzeum v&nbsp;Olomouci, S\u00e1l V\u00e1clava III.<\/h4>\n\n\n\n<h3 class=\"wp-block-heading program\"><strong>Alessandro Melani (1639\u20131703): Il fratricidio di Caino, L&#8217;Europa<\/strong><\/h3>\n\n\n\n<p class=\"program\"><em>Novodob\u00e1 premi\u00e9ra oratoria z&nbsp;c\u00edsa\u0159sk\u00e9 sb\u00edrky Leopolda I.<\/em><\/p>\n\n\n\n<p class=\"program\"><strong>\u00da\u010dinkuj\u00ed: Ensemble Damian, re\u017eie: Marek \u0158ih\u00e1k<\/strong><\/p>\n\n\n\n<p class=\"program\"><a href=\"https:\/\/ensembledamian.cz\/projekty\/il-fratricidio-di-caino-leuropa\/\">V\u00edce o p\u0159edstaven\u00ed na webu Ensemble Damian &gt;&gt;<\/a><br><a href=\"https:\/\/otrs.festivalbaroko.cz?a=160\">Vstupenky &gt;&gt;<\/a><\/p>\n\n\n\n<h4 class=\"wp-block-heading program\">pond\u011bl\u00ed 8. 6. 2026 \/ 19:00 \/ Vlastiv\u011bdn\u00e9 muzeum v&nbsp;Olomouci, S\u00e1l V\u00e1clava III.<\/h4>\n\n\n\n<h3 class=\"wp-block-heading program\"><strong>Jan Josef R\u00f6sler (1771<\/strong><strong>\u2013<\/strong><strong>1812): P\u00edsn\u011b<\/strong><strong><\/strong><\/h3>\n\n\n\n<p class=\"program\"><strong>\u00da\u010dinkuj\u00ed: Dorota Grossov\u00e1 \u2013 mezzosopr\u00e1n, Martin Smutn\u00fd \u2013 klavichord<\/strong><br><a href=\"https:\/\/otrs.festivalbaroko.cz?a=161\">Vstupenky &gt;&gt;<\/a><\/p>\n\n\n\n<h4 class=\"wp-block-heading program\">\u00fater\u00fd 9. 6. 2026 \/ 19:00 \/ Vlastiv\u011bdn\u00e9 muzeum v&nbsp;Olomouci, S\u00e1l V\u00e1clava III.<\/h4>\n\n\n\n<h3 class=\"wp-block-heading program\"><strong>Antonio Bioni (1698\u20131739):<\/strong> <strong>Krom\u011b\u0159\u00ed\u017esk\u00e9 kant\u00e1ty<\/strong><\/h3>\n\n\n\n<p class=\"program\"><em>Souborn\u00e9 proveden\u00ed kant\u00e1t v\u011bnovan\u00fdch olomouck\u00e9mu biskupovi W. H. Schrattenbachovi.<\/em><\/p>\n\n\n\n<p class=\"program\"><strong>\u00da\u010dinkuj\u00ed: Vojt\u011bch Pelka \u2013 sopr\u00e1n, Ond\u0159ej Benek \u2013 tenor, Ensemble Damian<\/strong><br><a href=\"https:\/\/otrs.festivalbaroko.cz?a=162\">Vstupenky &gt;&gt;<\/a><\/p>\n\n\n\n<hr class=\"wp-block-separator has-alpha-channel-opacity is-style-wide\"\/>\n\n\n\n<h2 class=\"wp-block-heading\">Doprovodn\u00fd program<\/h2>\n\n\n\n<h4 class=\"wp-block-heading program\">\u010dtvrtek 4. 6. 2026 \/ 17:00 \/ Vlastiv\u011bdn\u00e9 muzeum v&nbsp;Olomouci, p\u0159edn\u00e1\u0161kov\u00fd s\u00e1l<\/h4>\n\n\n\n<h3 class=\"wp-block-heading program\"><strong>U\u010debnice kompozice Anton\u00edna Rejchy<\/strong><\/h3>\n\n\n\n<p class=\"program\"><em>P\u0159edstaven\u00ed jednoho z nejv\u00fdznamn\u011bj\u0161\u00edch pramen\u016f hudebn\u00edch kompozi\u010dn\u00edch nauk prvn\u00ed poloviny 19. stolet\u00ed.&nbsp; P\u0159edn\u00e1\u0161\u00ed doc. PhDr. Roman Dykast, CSc. z&nbsp;odd\u011blen\u00ed muzikologie \u00dastavu d\u011bjin um\u011bn\u00ed AV \u010cR.&nbsp; P\u0159ipravila Hudebn\u00ed sekce.<\/em><br><a href=\"https:\/\/otrs.festivalbaroko.cz?a=163\">Vstupenky &gt;&gt;<\/a><\/p>\n\n\n\n<h4 class=\"wp-block-heading program\">ned\u011ble 7. 6. 2026 \/ 17:00 \/ Sal\u00f3nek prost\u011bjovsk\u00e9ho z\u00e1mku<\/h4>\n\n\n\n<h3 class=\"wp-block-heading program\"><strong>P\u0159\u00edb\u011bh klavichordu<\/strong><\/h3>\n\n\n\n<p class=\"program\"><em>P\u00edsn\u011b Josefa R\u00f6slera (1771\u20131812) za doprovodu historick\u00e9ho klavichordu zap\u016fj\u010den\u00e9ho z Vlastiv\u011bdn\u00e9ho muzea v Olomouci. Unik\u00e1tn\u00ed koncert v sal\u00f3nku Prost\u011bjovsk\u00e9ho Z\u00e1mku.<\/em><\/p>\n\n\n\n<p><strong>\u00da\u010dinkuj\u00ed: Dorota Grossov\u00e1 \u2013 mezzosopr\u00e1n, Martin Smutn\u00fd \u2013 klavichord<\/strong><\/p>\n\n\n\n<p>Vstupenky v prodeji na m\u00edst\u011b (50 K\u010d). Kapacita je omezena, rezervace telefonicky (603 387 161) nebo emailem (<a href=\"mailto:prostejovsky.zamek@gmail.com\">prostejovsky.zamek@gmail.com<\/a>).<\/p>\n\n\n\n<h4 class=\"wp-block-heading program\">st\u0159eda 17. 6. 2026 \/ 17:00 \/ Vlastiv\u011bdn\u00e9 muzeum v&nbsp;Olomouci, p\u0159edn\u00e1\u0161kov\u00fd s\u00e1l<\/h4>\n\n\n\n<h3 class=\"wp-block-heading program\"><strong>Vybran\u00e9 kapitoly z&nbsp;baroka<\/strong><\/h3>\n\n\n\n<p class=\"program\"><em>P\u0159edn\u00e1\u0161\u00ed prof. PhDr. V\u00edt Vlnas, Ph.D. \u2013 historik specializuj\u00edc\u00ed se na kulturn\u00ed d\u011bjiny novov\u011bku, pedagog Univerzity Karlovy a kur\u00e1tor Sb\u00edrky star\u00e9ho um\u011bn\u00ed N\u00e1rodn\u00ed galerie v Praze. P\u0159ipravila sekce P\u0159\u00e1tel Slovansk\u00e9ho gymn\u00e1zia.<\/em><br><a href=\"https:\/\/otrs.festivalbaroko.cz?a=164\">Vstupenky &gt;&gt;<\/a><\/p>\n\n\n\n<p class=\"program\">__________________________________<br>Zm\u011bna programu vyhrazena<\/p>\n\n\n\n<hr class=\"wp-block-separator has-alpha-channel-opacity is-style-wide\"\/>\n\n\n\n<h2 class=\"wp-block-heading\">Vstupenky<\/h2>\n\n\n\n<h3 class=\"wp-block-heading\"><strong>Vstupn\u00e9 na hlavn\u00ed program festivalu<\/strong><\/h3>\n\n\n\n<p>Z\u00e1kladn\u00ed vstupn\u00e9 na jednotliv\u00e1 p\u0159edstaven\u00ed 200 K\u010d<br>Sn\u00ed\u017een\u00e9 vstupn\u00e9 pro \u010dleny VSMO 100 K\u010d<br>Abonm\u00e1 na cel\u00fd festival 600 K\u010d (<a href=\"https:\/\/otrs.festivalbaroko.cz\/pro\/individual.php?page=reg&amp;a=165\">ke koupi zde &gt;&gt;<\/a>)<\/p>\n\n\n\n<h3 class=\"wp-block-heading\"><strong>Vstupn\u00e9 na doprovodn\u00fd program<\/strong><\/h3>\n\n\n\n<p>Z\u00e1kladn\u00ed vstupn\u00e9 na jednotliv\u00e9 akce 50 K\u010d<br>Vstup zdarma pro \u010dleny VSMO a dr\u017eitele festivalov\u00e9ho abonm\u00e1.<\/p>\n\n\n\n<h3 class=\"wp-block-heading\"><strong>P\u0159edprodej a online prodej vstupenek<\/strong><\/h3>\n\n\n\n<p><strong>P\u0159edprodej a online prodej vstupenek najdete v\u010das zde<\/strong> na str\u00e1nk\u00e1ch <strong>otrs.festivalbaroko.cz<\/strong> a na odkazech pod jednotliv\u00fdmi akcemi.<\/p>\n\n\n\n<p>P\u0159edprodej fyzick\u00fdch vstupenek bude zah\u00e1jen 19. kv\u011btna 2026. Vstupenky bude mo\u017eno zakoupit v\u017edy v pond\u011bl\u00ed od 14 do 16 hodin a ve st\u0159edu od 15 do 17 hodin v kancel\u00e1\u0159i VSMO, N\u00e1m. Republiky 5 v Olomouci. Vstupenky budou k prodeji tak\u00e9 v\u017edy p\u016fl hodiny p\u0159edem p\u0159ed zah\u00e1jen\u00edm ka\u017ed\u00e9ho p\u0159edstaven\u00ed \u010di akce doprovodn\u00e9ho programu na recepci Vlastiv\u011bdn\u00e9ho muzea v Olomouci.<\/p>\n\n\n\n<hr class=\"wp-block-separator has-alpha-channel-opacity\"\/>\n\n\n\n<h2 class=\"wp-block-heading\">Po\u0159adatel\u00e9 a don\u00e1to\u0159i<\/h2>\n\n\n\n<p><strong>Po\u0159adatel:<\/strong> Vlastiv\u011bdn\u00e1 spole\u010dnost muzejn\u00ed v Olomouci, z. s.<\/p>\n\n\n\n<p><strong>Spolupo\u0159adatel\u00e9:<\/strong> Vlastiv\u011bdn\u00e9 muzeum v Olomouci, Katedra hudebn\u00ed v\u00fdchovy Pedagogick\u00e9 fakulty Univerzity Palack\u00e9ho v Olomouci, Ensemble Damian, z. s., \u00a0Knihovna &#8211; z\u00e1mek &#8211; duha &#8211; centrum z\u00e1bavy a vzd\u011bl\u00e1n\u00ed Prost\u011bjov<\/p>\n\n\n\n<p><strong>Don\u00e1to\u0159i:<\/strong> Ministerstvo kultury, Olomouck\u00fd kraj, Statut\u00e1rn\u00ed m\u011bsto Olomouc, St\u00e1tn\u00ed fond kultury<\/p>\n\n\n\n<p><strong>Sponzo\u0159i:<\/strong> Oltis Group, Grapo a n\u011bkolik drobn\u00fdch p\u0159isp\u011bvatel\u016f\u2026 D\u011bkujeme!!!<\/p>\n","protected":false},"excerpt":{"rendered":"<p>29. ro\u010dn\u00edk olomouck\u00e9ho hudebn\u00edho festivalu 1. \u010dervna \u2013 17. \u010dervna 2026 Hlavn\u00ed program Za\u010d\u00e1tky p\u0159edstaven\u00ed v\u017edy od 19 hodin. pond\u011bl\u00ed 1. 6. 2026 \/ 19:00&hellip;<\/p>\n","protected":false},"author":1,"featured_media":0,"parent":0,"menu_order":0,"comment_status":"closed","ping_status":"closed","template":"","meta":{"footnotes":""},"class_list":["post-654","page","type-page","status-publish","hentry"],"_links":{"self":[{"href":"https:\/\/festivalbaroko.cz\/2026\/wp-json\/wp\/v2\/pages\/654","targetHints":{"allow":["GET"]}}],"collection":[{"href":"https:\/\/festivalbaroko.cz\/2026\/wp-json\/wp\/v2\/pages"}],"about":[{"href":"https:\/\/festivalbaroko.cz\/2026\/wp-json\/wp\/v2\/types\/page"}],"author":[{"embeddable":true,"href":"https:\/\/festivalbaroko.cz\/2026\/wp-json\/wp\/v2\/users\/1"}],"replies":[{"embeddable":true,"href":"https:\/\/festivalbaroko.cz\/2026\/wp-json\/wp\/v2\/comments?post=654"}],"version-history":[{"count":86,"href":"https:\/\/festivalbaroko.cz\/2026\/wp-json\/wp\/v2\/pages\/654\/revisions"}],"predecessor-version":[{"id":1298,"href":"https:\/\/festivalbaroko.cz\/2026\/wp-json\/wp\/v2\/pages\/654\/revisions\/1298"}],"wp:attachment":[{"href":"https:\/\/festivalbaroko.cz\/2026\/wp-json\/wp\/v2\/media?parent=654"}],"curies":[{"name":"wp","href":"https:\/\/api.w.org\/{rel}","templated":true}]}}