{"id":825,"date":"2025-05-17T23:25:30","date_gmt":"2025-05-17T22:25:30","guid":{"rendered":"https:\/\/festivalbaroko.cz\/2026\/?page_id=825"},"modified":"2026-02-14T16:52:27","modified_gmt":"2026-02-14T15:52:27","slug":"podporte-nas-2","status":"publish","type":"page","link":"https:\/\/festivalbaroko.cz\/2026\/podporte-nas-2\/","title":{"rendered":"Podpo\u0159te n\u00e1s"},"content":{"rendered":"\n<p><strong>Festival Baroko pot\u0159ebuje va\u0161i pomoc, aby mohl d\u00e1l zn\u00edt.<\/strong><\/p>\n\n\n\n<p>U\u017e skoro 30 let p\u0159in\u00e1\u0161\u00edme do olomouck\u00fdch kostel\u016f, kl\u00e1\u0161ter\u016f a historick\u00fdch s\u00e1l\u016f kr\u00e1su star\u00e9 hudby. D\u011bl\u00e1me to s l\u00e1skou, s respektem k hudebn\u00edmu odkazu a s obrovsk\u00fdm nasazen\u00edm. Ale ka\u017ed\u00fd ro\u010dn\u00edk je mal\u00fd z\u00e1zrak \u2013 <strong>finan\u010dn\u011b stoj\u00edme na hran\u011b<\/strong>.<\/p>\n\n\n\n<p>Pokud v\u00e1s na\u0161e pr\u00e1ce oslovuje, pros\u00edm, zva\u017ete dar \u2013&nbsp;<strong>klidn\u011b symbolick\u00fdch 100 K\u010d, nebo tolik, kolik si m\u016f\u017eete dovolit.<\/strong>&nbsp;Pom\u016f\u017eete n\u00e1m nejen p\u0159e\u017e\u00edt, ale i r\u016fst.<\/p>\n\n\n\n<p><strong>Za va\u0161i podporu nab\u00edz\u00edme podle mo\u017enost\u00ed:<\/strong><\/p>\n\n\n\n<ul class=\"wp-block-list\">\n<li>vstupenky na koncerty a setk\u00e1n\u00ed s um\u011blci,<\/li>\n\n\n\n<li>mo\u017enost pod\u011bkov\u00e1n\u00ed v programu nebo na webu,<\/li>\n\n\n\n<li>prezentaci va\u0161\u00ed firmy na kulturn\u00ed akci s du\u0161\u00ed,<\/li>\n\n\n\n<li>a hlavn\u011b: dobr\u00fd pocit, \u017ee pom\u00e1h\u00e1te n\u011b\u010demu opravdov\u00e9mu.<\/li>\n<\/ul>\n\n\n\n<p>Sta\u0148te se sou\u010d\u00e1st\u00ed barokn\u00edho p\u0159\u00edb\u011bhu.\u00a0<strong>Ka\u017ed\u00fd dar je sly\u0161et.<\/strong><\/p>\n\n\n\n<p>Na \u00fa\u010det <strong>2302177214\/2010<\/strong> m\u016f\u017eete p\u0159isp\u011bt libovolnou \u010d\u00e1stkou i opakovan\u011b.<\/p>\n\n\n\n<p>Budete-li pot\u0159ebovat potvrzen\u00ed o poskytnut\u00e9m daru, obra\u0165te se na n\u00e1s:\u00a0<a href=\"mailto:sekretariat@vsmo.cz\">sekretariat@vsmo.cz<\/a><\/p>\n\n\n\n<p>D\u011bkujeme, \u017ee n\u00e1s dr\u017e\u00edte nad vodou.<\/p>\n","protected":false},"excerpt":{"rendered":"<p>Festival Baroko pot\u0159ebuje va\u0161i pomoc, aby mohl d\u00e1l zn\u00edt. U\u017e skoro 30 let p\u0159in\u00e1\u0161\u00edme do olomouck\u00fdch kostel\u016f, kl\u00e1\u0161ter\u016f a historick\u00fdch s\u00e1l\u016f kr\u00e1su star\u00e9 hudby. D\u011bl\u00e1me&hellip;<\/p>\n","protected":false},"author":1,"featured_media":0,"parent":0,"menu_order":0,"comment_status":"closed","ping_status":"closed","template":"","meta":{"footnotes":""},"class_list":["post-825","page","type-page","status-publish","hentry"],"_links":{"self":[{"href":"https:\/\/festivalbaroko.cz\/2026\/wp-json\/wp\/v2\/pages\/825","targetHints":{"allow":["GET"]}}],"collection":[{"href":"https:\/\/festivalbaroko.cz\/2026\/wp-json\/wp\/v2\/pages"}],"about":[{"href":"https:\/\/festivalbaroko.cz\/2026\/wp-json\/wp\/v2\/types\/page"}],"author":[{"embeddable":true,"href":"https:\/\/festivalbaroko.cz\/2026\/wp-json\/wp\/v2\/users\/1"}],"replies":[{"embeddable":true,"href":"https:\/\/festivalbaroko.cz\/2026\/wp-json\/wp\/v2\/comments?post=825"}],"version-history":[{"count":5,"href":"https:\/\/festivalbaroko.cz\/2026\/wp-json\/wp\/v2\/pages\/825\/revisions"}],"predecessor-version":[{"id":1263,"href":"https:\/\/festivalbaroko.cz\/2026\/wp-json\/wp\/v2\/pages\/825\/revisions\/1263"}],"wp:attachment":[{"href":"https:\/\/festivalbaroko.cz\/2026\/wp-json\/wp\/v2\/media?parent=825"}],"curies":[{"name":"wp","href":"https:\/\/api.w.org\/{rel}","templated":true}]}}